{"id":8579,"date":"2020-06-24T10:07:17","date_gmt":"2021-01-29T12:47:06","guid":{"rendered":"http:\/\/www.startledermoden.at\/?product=herren-lederjacke-kurz-5"},"modified":"2025-11-15T11:20:31","modified_gmt":"2025-11-15T10:20:31","slug":"herren-lederjacke-kurz-7","status":"publish","type":"product","link":"https:\/\/www.startledermoden.at\/?product=herren-lederjacke-kurz-7","title":{"rendered":"Herren Lederjacke (kurz),HK06H"},"content":{"rendered":"<p>\u2666 in 24 Gr\u00f6\u00dfen erh\u00e4ltlich<br \/>\n\u2666 aus weichem Lamm-Nappaleder<br \/>\n\u2666 sehr angenehme Tragekomfort<br \/>\n\u2666 Innen: vier Taschen<br \/>\n\u2666 Innenfutter 100% Polyester<br \/>\n\u2666 Au\u00dfen: 2 Brusttaschen mit YKK-Rei\u00dfverschluss<br \/>\n\u2666 2 Einschubtaschen<br \/>\n\u2666 Herren: halbtailliert<br \/>\n\u2666 2-Weg -YKK-Rei\u00dfverschluss<br \/>\n\u2666 Leder-Spezialreinigung<\/p>\n<p><img loading=\"lazy\" decoding=\"async\" class=\"alignnone wp-image-18809\" src=\"http:\/\/www.startledermoden.at\/wp-content\/uploads\/2020\/06\/HK06H-MAssTABELLEcm.jpg\" alt=\"\" width=\"494\" height=\"450\" srcset=\"https:\/\/www.startledermoden.at\/wp-content\/uploads\/2020\/06\/HK06H-MAssTABELLEcm.jpg 603w, https:\/\/www.startledermoden.at\/wp-content\/uploads\/2020\/06\/HK06H-MAssTABELLEcm-500x455.jpg 500w, https:\/\/www.startledermoden.at\/wp-content\/uploads\/2020\/06\/HK06H-MAssTABELLEcm-300x273.jpg 300w\" sizes=\"(max-width: 494px) 100vw, 494px\" \/><\/p>\n","protected":false},"excerpt":{"rendered":"<p>Herren Lederjacke (kurz)<\/p>\n","protected":false},"featured_media":14791,"comment_status":"closed","ping_status":"closed","template":"","meta":[],"product_cat":[527,414,505,506,507,508,509,502,510,511,512,513,487,488,492,493,494,495,496,497,498,499,500,501,325,336,279,300],"product_tag":[],"class_list":{"0":"post-8579","1":"product","2":"type-product","3":"status-publish","4":"has-post-thumbnail","6":"product_cat-herren","7":"product_cat-groesse","8":"product_cat-2xl-groesse","9":"product_cat-3xl","10":"product_cat-3xl-groesse","11":"product_cat-4xl","12":"product_cat-4xl-groesse","13":"product_cat-2xl","14":"product_cat-5xl","15":"product_cat-5xl-groesse","16":"product_cat-6xl","17":"product_cat-6xl-groesse","18":"product_cat-xxs","19":"product_cat-xxs-groesse","20":"product_cat-xs","21":"product_cat-xs-groesse","22":"product_cat-s","23":"product_cat-s-groesse","24":"product_cat-m","25":"product_cat-m-groesse","26":"product_cat-l","27":"product_cat-l-groesse","28":"product_cat-xl","29":"product_cat-xl-groesse","30":"product_cat-art","31":"product_cat-lederjacke-art","32":"product_cat-herren-halbtailliert","33":"product_cat-lammnappa","34":"","36":"first","37":"instock","38":"taxable","39":"shipping-taxable","40":"purchasable","41":"product-type-simple"},"_links":{"self":[{"href":"https:\/\/www.startledermoden.at\/index.php?rest_route=\/wp\/v2\/product\/8579"}],"collection":[{"href":"https:\/\/www.startledermoden.at\/index.php?rest_route=\/wp\/v2\/product"}],"about":[{"href":"https:\/\/www.startledermoden.at\/index.php?rest_route=\/wp\/v2\/types\/product"}],"replies":[{"embeddable":true,"href":"https:\/\/www.startledermoden.at\/index.php?rest_route=%2Fwp%2Fv2%2Fcomments&post=8579"}],"wp:featuredmedia":[{"embeddable":true,"href":"https:\/\/www.startledermoden.at\/index.php?rest_route=\/wp\/v2\/media\/14791"}],"wp:attachment":[{"href":"https:\/\/www.startledermoden.at\/index.php?rest_route=%2Fwp%2Fv2%2Fmedia&parent=8579"}],"wp:term":[{"taxonomy":"product_cat","embeddable":true,"href":"https:\/\/www.startledermoden.at\/index.php?rest_route=%2Fwp%2Fv2%2Fproduct_cat&post=8579"},{"taxonomy":"product_tag","embeddable":true,"href":"https:\/\/www.startledermoden.at\/index.php?rest_route=%2Fwp%2Fv2%2Fproduct_tag&post=8579"}],"curies":[{"name":"wp","href":"https:\/\/api.w.org\/{rel}","templated":true}]}}