{"id":8564,"date":"2020-06-24T10:07:09","date_gmt":"2021-01-29T12:47:01","guid":{"rendered":"http:\/\/www.startledermoden.at\/?product=damen-lederjacke-in-blazerform"},"modified":"2024-10-01T19:34:58","modified_gmt":"2024-10-01T17:34:58","slug":"damen-lederjacke-in-blazerform-3","status":"publish","type":"product","link":"https:\/\/www.startledermoden.at\/?product=damen-lederjacke-in-blazerform-3","title":{"rendered":"Lederjacke in Blazerform"},"content":{"rendered":"<p>Dieser Blazer aus handschuhweichem Lamm-Nappa l\u00e4sst sich hervorragend mit R\u00f6cken und Hosen kombinieren. Top gestylt in neuer, figurnaher Silhouette mit formsch\u00f6nem Reverskragen, 5 Kn\u00f6pfen, 2 paspelierten Klappentaschen und 2 Innentaschen. Die Zier-und Teilungsn\u00e4hte betonen die taillierte Passform.<br \/>\nL\u00e4nge Gr.M 72 cm.<br \/>\nHochwertiges Lamm-Nappaleder<br \/>\nInnenfutter 100% Polyester.<br \/>\nLeder Spezialreinigung<\/p>\n","protected":false},"excerpt":{"rendered":"<p>Damen Lederjacke<\/p>\n","protected":false},"featured_media":18358,"comment_status":"closed","ping_status":"closed","template":"","meta":[],"product_cat":[547,539,414,505,506,507,502,487,488,492,493,494,495,496,497,498,499,500,501,325,329,40,145],"product_tag":[],"class_list":{"0":"post-8564","1":"product","2":"type-product","3":"status-publish","4":"has-post-thumbnail","6":"product_cat-congnac","7":"product_cat-schwarz","8":"product_cat-groesse","9":"product_cat-2xl-groesse","10":"product_cat-3xl","11":"product_cat-3xl-groesse","12":"product_cat-2xl","13":"product_cat-xxs","14":"product_cat-xxs-groesse","15":"product_cat-xs","16":"product_cat-xs-groesse","17":"product_cat-s","18":"product_cat-s-groesse","19":"product_cat-m","20":"product_cat-m-groesse","21":"product_cat-l","22":"product_cat-l-groesse","23":"product_cat-xl","24":"product_cat-xl-groesse","25":"product_cat-art","26":"product_cat-lederblazer","27":"product_cat-damen","28":"product_cat-damen-stark-taillierter-schnitt","29":"","31":"first","32":"instock","33":"taxable","34":"shipping-taxable","35":"purchasable","36":"product-type-variable"},"_links":{"self":[{"href":"https:\/\/www.startledermoden.at\/index.php?rest_route=\/wp\/v2\/product\/8564"}],"collection":[{"href":"https:\/\/www.startledermoden.at\/index.php?rest_route=\/wp\/v2\/product"}],"about":[{"href":"https:\/\/www.startledermoden.at\/index.php?rest_route=\/wp\/v2\/types\/product"}],"replies":[{"embeddable":true,"href":"https:\/\/www.startledermoden.at\/index.php?rest_route=%2Fwp%2Fv2%2Fcomments&post=8564"}],"wp:featuredmedia":[{"embeddable":true,"href":"https:\/\/www.startledermoden.at\/index.php?rest_route=\/wp\/v2\/media\/18358"}],"wp:attachment":[{"href":"https:\/\/www.startledermoden.at\/index.php?rest_route=%2Fwp%2Fv2%2Fmedia&parent=8564"}],"wp:term":[{"taxonomy":"product_cat","embeddable":true,"href":"https:\/\/www.startledermoden.at\/index.php?rest_route=%2Fwp%2Fv2%2Fproduct_cat&post=8564"},{"taxonomy":"product_tag","embeddable":true,"href":"https:\/\/www.startledermoden.at\/index.php?rest_route=%2Fwp%2Fv2%2Fproduct_tag&post=8564"}],"curies":[{"name":"wp","href":"https:\/\/api.w.org\/{rel}","templated":true}]}}