{"id":120,"date":"2020-05-01T16:24:29","date_gmt":"2021-01-29T12:46:54","guid":{"rendered":"http:\/\/www.startledermoden.at\/?product=ledermantel-lang-2"},"modified":"2024-09-28T15:23:03","modified_gmt":"2024-09-28T13:23:03","slug":"ledermantel-lang-2","status":"publish","type":"product","link":"https:\/\/www.startledermoden.at\/?product=ledermantel-lang-2","title":{"rendered":"Ledermantel (lang),TX65H"},"content":{"rendered":"<p>Dieser extravagante kn\u00f6chellange Ledermantel ist aus feinstem Lammnappa gefertigt und gen\u00fcgt damit h\u00f6chsten Anspr\u00fcchen.<\/p>\n<p>Figur nah, Reverskragen, 5-Knopf-Verschluss,<\/p>\n<p>2 paspelierte Klappentaschen und 4 Innentaschen. F\u00fcr ihr bequemes Fortschreiten sorgt ein Gehschlitz am hinteren Teil.<\/p>\n<p>Hochwertiges Lamm-Nappaleder<\/p>\n<p>Innenfutter 100% Polyester<\/p>\n<p>Leder-Spezialreinigung<\/p>\n<p><img loading=\"lazy\" decoding=\"async\" class=\"alignnone wp-image-18799\" src=\"http:\/\/www.startledermoden.at\/wp-content\/uploads\/2020\/05\/TX65H-MAssTABELLEcm.jpg\" alt=\"\" width=\"448\" height=\"432\" srcset=\"https:\/\/www.startledermoden.at\/wp-content\/uploads\/2020\/05\/TX65H-MAssTABELLEcm.jpg 569w, https:\/\/www.startledermoden.at\/wp-content\/uploads\/2020\/05\/TX65H-MAssTABELLEcm-500x482.jpg 500w, https:\/\/www.startledermoden.at\/wp-content\/uploads\/2020\/05\/TX65H-MAssTABELLEcm-300x289.jpg 300w\" sizes=\"(max-width: 448px) 100vw, 448px\" \/><\/p>\n<p>&nbsp;<\/p>\n<p>&nbsp;<\/p>\n<p>&nbsp;<\/p>\n","protected":false},"excerpt":{"rendered":"<p>Ledermantel (lang)<\/p>\n","protected":false},"featured_media":14797,"comment_status":"closed","ping_status":"closed","template":"","meta":[],"product_cat":[527,505,506,507,508,509,502,510,511,512,513,487,488,492,493,494,495,496,497,498,499,500,501,325,300],"product_tag":[],"class_list":{"0":"post-120","1":"product","2":"type-product","3":"status-publish","4":"has-post-thumbnail","6":"product_cat-herren","7":"product_cat-2xl-groesse","8":"product_cat-3xl","9":"product_cat-3xl-groesse","10":"product_cat-4xl","11":"product_cat-4xl-groesse","12":"product_cat-2xl","13":"product_cat-5xl","14":"product_cat-5xl-groesse","15":"product_cat-6xl","16":"product_cat-6xl-groesse","17":"product_cat-xxs","18":"product_cat-xxs-groesse","19":"product_cat-xs","20":"product_cat-xs-groesse","21":"product_cat-s","22":"product_cat-s-groesse","23":"product_cat-m","24":"product_cat-m-groesse","25":"product_cat-l","26":"product_cat-l-groesse","27":"product_cat-xl","28":"product_cat-xl-groesse","29":"product_cat-art","30":"product_cat-lammnappa","31":"","33":"first","34":"instock","35":"taxable","36":"shipping-taxable","37":"purchasable","38":"product-type-variable","39":"has-default-attributes"},"_links":{"self":[{"href":"https:\/\/www.startledermoden.at\/index.php?rest_route=\/wp\/v2\/product\/120"}],"collection":[{"href":"https:\/\/www.startledermoden.at\/index.php?rest_route=\/wp\/v2\/product"}],"about":[{"href":"https:\/\/www.startledermoden.at\/index.php?rest_route=\/wp\/v2\/types\/product"}],"replies":[{"embeddable":true,"href":"https:\/\/www.startledermoden.at\/index.php?rest_route=%2Fwp%2Fv2%2Fcomments&post=120"}],"wp:featuredmedia":[{"embeddable":true,"href":"https:\/\/www.startledermoden.at\/index.php?rest_route=\/wp\/v2\/media\/14797"}],"wp:attachment":[{"href":"https:\/\/www.startledermoden.at\/index.php?rest_route=%2Fwp%2Fv2%2Fmedia&parent=120"}],"wp:term":[{"taxonomy":"product_cat","embeddable":true,"href":"https:\/\/www.startledermoden.at\/index.php?rest_route=%2Fwp%2Fv2%2Fproduct_cat&post=120"},{"taxonomy":"product_tag","embeddable":true,"href":"https:\/\/www.startledermoden.at\/index.php?rest_route=%2Fwp%2Fv2%2Fproduct_tag&post=120"}],"curies":[{"name":"wp","href":"https:\/\/api.w.org\/{rel}","templated":true}]}}