{"id":10848,"date":"2021-01-06T14:53:53","date_gmt":"2021-01-29T12:47:17","guid":{"rendered":"http:\/\/www.startledermoden.at\/?product=herren-lederjacke-kurz-10"},"modified":"2024-10-01T11:44:45","modified_gmt":"2024-10-01T09:44:45","slug":"herren-lederjacke-kurz-kopie","status":"publish","type":"product","link":"https:\/\/www.startledermoden.at\/?product=herren-lederjacke-kurz-kopie","title":{"rendered":"Herren Lederjacke,TKM4H"},"content":{"rendered":"<p>\u2666 IN 24 GR\u00d6SSEN ERH\u00c4LTLICH<br \/>\n\u2666 AUS WEICHEM LAMM-NAPPALEDER<br \/>\n\u2666 SEHR ANGENEHME TRAGEKOMFORT<br \/>\n\u2666 INNEN: VIER TASCHEN<br \/>\n\u2666 INNENFUTTER 100% POLYESTER<br \/>\n\u2666 AUSSEN: 2 BRUSTTASCHEN MIT YKK-REISSVERSCHLUSS<br \/>\n\u2666 2 EINSCHUBTASCHEN MIT YKK-REISSVERSCHLUSS<br \/>\n\u2666 HERREN: STARK-TAILLIERTER SCHNITT<br \/>\n\u2666 2-WEG -YKK-REISSVERSCHLUSS<br \/>\n\u2666 LEDER-SPEZIALREINIGUNG<\/p>\n<p><img loading=\"lazy\" decoding=\"async\" class=\"alignnone wp-image-18759\" src=\"http:\/\/www.startledermoden.at\/wp-content\/uploads\/2021\/01\/TKM4H-masstabelle.bmp\" alt=\"\" width=\"278\" height=\"471\" srcset=\"https:\/\/www.startledermoden.at\/wp-content\/uploads\/2021\/01\/TKM4H-masstabelle.bmp 322w, https:\/\/www.startledermoden.at\/wp-content\/uploads\/2021\/01\/TKM4H-masstabelle-250x424.jpg 250w, https:\/\/www.startledermoden.at\/wp-content\/uploads\/2021\/01\/TKM4H-masstabelle-177x300.jpg 177w\" sizes=\"(max-width: 278px) 100vw, 278px\" \/><\/p>\n","protected":false},"excerpt":{"rendered":"<p><span style=\"color: #ff0000;\">\u2666<\/span> in 24 Gr\u00f6\u00dfen erh\u00e4ltlich<br \/>\n\u2666 aus weichem Lamm-Nappaleder<br \/>\n\u2666 sehr angenehme Tragekomfort<br \/>\n\u2666 Innen: vier Taschen<br \/>\n\u2666 Au\u00dfen: vier Taschen mit YKK-Rei\u00dfverschluss<br \/>\n\u2666 stark taillierter Schnitt<br \/>\n\u2666 figurbetont<br \/>\n\u2666 2-Weg -YKK-Rei\u00dfverschluss<\/p>\n","protected":false},"featured_media":14656,"comment_status":"closed","ping_status":"closed","template":"","meta":[],"product_cat":[546,547,545,542,543,527,544,414,505,506,507,508,509,502,510,511,512,513,487,488,492,493,494,495,496,497,498,499,500,501,325,336,39,299,300],"product_tag":[],"class_list":{"0":"post-10848","1":"product","2":"type-product","3":"status-publish","4":"has-post-thumbnail","6":"product_cat-braun","7":"product_cat-congnac","8":"product_cat-dunkelbrau","9":"product_cat-grau","10":"product_cat-gruen","11":"product_cat-herren","12":"product_cat-rot","13":"product_cat-groesse","14":"product_cat-2xl-groesse","15":"product_cat-3xl","16":"product_cat-3xl-groesse","17":"product_cat-4xl","18":"product_cat-4xl-groesse","19":"product_cat-2xl","20":"product_cat-5xl","21":"product_cat-5xl-groesse","22":"product_cat-6xl","23":"product_cat-6xl-groesse","24":"product_cat-xxs","25":"product_cat-xxs-groesse","26":"product_cat-xs","27":"product_cat-xs-groesse","28":"product_cat-s","29":"product_cat-s-groesse","30":"product_cat-m","31":"product_cat-m-groesse","32":"product_cat-l","33":"product_cat-l-groesse","34":"product_cat-xl","35":"product_cat-xl-groesse","36":"product_cat-art","37":"product_cat-lederjacke-art","38":"product_cat-herren-tailliert","39":"product_cat-material","40":"product_cat-lammnappa","41":"","43":"first","44":"instock","45":"taxable","46":"shipping-taxable","47":"purchasable","48":"product-type-variable"},"_links":{"self":[{"href":"https:\/\/www.startledermoden.at\/index.php?rest_route=\/wp\/v2\/product\/10848"}],"collection":[{"href":"https:\/\/www.startledermoden.at\/index.php?rest_route=\/wp\/v2\/product"}],"about":[{"href":"https:\/\/www.startledermoden.at\/index.php?rest_route=\/wp\/v2\/types\/product"}],"replies":[{"embeddable":true,"href":"https:\/\/www.startledermoden.at\/index.php?rest_route=%2Fwp%2Fv2%2Fcomments&post=10848"}],"wp:featuredmedia":[{"embeddable":true,"href":"https:\/\/www.startledermoden.at\/index.php?rest_route=\/wp\/v2\/media\/14656"}],"wp:attachment":[{"href":"https:\/\/www.startledermoden.at\/index.php?rest_route=%2Fwp%2Fv2%2Fmedia&parent=10848"}],"wp:term":[{"taxonomy":"product_cat","embeddable":true,"href":"https:\/\/www.startledermoden.at\/index.php?rest_route=%2Fwp%2Fv2%2Fproduct_cat&post=10848"},{"taxonomy":"product_tag","embeddable":true,"href":"https:\/\/www.startledermoden.at\/index.php?rest_route=%2Fwp%2Fv2%2Fproduct_tag&post=10848"}],"curies":[{"name":"wp","href":"https:\/\/api.w.org\/{rel}","templated":true}]}}