{"id":10247,"date":"2020-11-24T12:25:44","date_gmt":"2021-01-29T12:47:10","guid":{"rendered":"http:\/\/www.startledermoden.at\/?product=herren-ledermantel-lang-3"},"modified":"2024-10-01T11:34:58","modified_gmt":"2024-10-01T09:34:58","slug":"herren-ledermantel-lang-2-2","status":"publish","type":"product","link":"https:\/\/www.startledermoden.at\/?product=herren-ledermantel-lang-2-2","title":{"rendered":"Herren Ledermantel (lang),TM01H"},"content":{"rendered":"<p>Dieser extravagante kn\u00f6chellange Ledermantel ist aus feinstem Lammnappa gefertigt und gen\u00fcgt damit h\u00f6chsten Anspr\u00fcchen<br \/>\nFigur nah, Reverskragen, 5-Knopf-Verschluss<br \/>\n2 paspelierte Klappentaschen und 2 Innentaschen. F\u00fcr ihr bequemes Vorschreiten sorgt ein Gehschlitz am hinteren Teil<br \/>\nHochwertiges Lamm-Nappaleder<br \/>\nInnenfutter 100% Polyester<br \/>\nLeder-Spezialreinigung<\/p>\n<p><img loading=\"lazy\" decoding=\"async\" class=\"alignnone size-full wp-image-18795\" src=\"http:\/\/www.startledermoden.at\/wp-content\/uploads\/2020\/11\/TM01H-MassTABELLE.jpg\" alt=\"\" width=\"567\" height=\"549\" srcset=\"https:\/\/www.startledermoden.at\/wp-content\/uploads\/2020\/11\/TM01H-MassTABELLE.jpg 567w, https:\/\/www.startledermoden.at\/wp-content\/uploads\/2020\/11\/TM01H-MassTABELLE-500x484.jpg 500w, https:\/\/www.startledermoden.at\/wp-content\/uploads\/2020\/11\/TM01H-MassTABELLE-300x290.jpg 300w\" sizes=\"(max-width: 567px) 100vw, 567px\" \/><\/p>\n<p>&nbsp;<\/p>\n","protected":false},"excerpt":{"rendered":"<p>Herren Ledermantel (lang)<\/p>\n","protected":false},"featured_media":14217,"comment_status":"closed","ping_status":"closed","template":"","meta":[],"product_cat":[527,414,505,506,507,508,509,502,510,511,512,513,487,488,492,493,494,495,496,497,498,499,500,501,334,47,299,300],"product_tag":[],"class_list":{"0":"post-10247","1":"product","2":"type-product","3":"status-publish","4":"has-post-thumbnail","6":"product_cat-herren","7":"product_cat-groesse","8":"product_cat-2xl-groesse","9":"product_cat-3xl","10":"product_cat-3xl-groesse","11":"product_cat-4xl","12":"product_cat-4xl-groesse","13":"product_cat-2xl","14":"product_cat-5xl","15":"product_cat-5xl-groesse","16":"product_cat-6xl","17":"product_cat-6xl-groesse","18":"product_cat-xxs","19":"product_cat-xxs-groesse","20":"product_cat-xs","21":"product_cat-xs-groesse","22":"product_cat-s","23":"product_cat-s-groesse","24":"product_cat-m","25":"product_cat-m-groesse","26":"product_cat-l","27":"product_cat-l-groesse","28":"product_cat-xl","29":"product_cat-xl-groesse","30":"product_cat-ledermantel-art","31":"product_cat-ledermantel","32":"product_cat-material","33":"product_cat-lammnappa","34":"","36":"first","37":"instock","38":"taxable","39":"shipping-taxable","40":"purchasable","41":"product-type-variable","42":"has-default-attributes"},"_links":{"self":[{"href":"https:\/\/www.startledermoden.at\/index.php?rest_route=\/wp\/v2\/product\/10247"}],"collection":[{"href":"https:\/\/www.startledermoden.at\/index.php?rest_route=\/wp\/v2\/product"}],"about":[{"href":"https:\/\/www.startledermoden.at\/index.php?rest_route=\/wp\/v2\/types\/product"}],"replies":[{"embeddable":true,"href":"https:\/\/www.startledermoden.at\/index.php?rest_route=%2Fwp%2Fv2%2Fcomments&post=10247"}],"wp:featuredmedia":[{"embeddable":true,"href":"https:\/\/www.startledermoden.at\/index.php?rest_route=\/wp\/v2\/media\/14217"}],"wp:attachment":[{"href":"https:\/\/www.startledermoden.at\/index.php?rest_route=%2Fwp%2Fv2%2Fmedia&parent=10247"}],"wp:term":[{"taxonomy":"product_cat","embeddable":true,"href":"https:\/\/www.startledermoden.at\/index.php?rest_route=%2Fwp%2Fv2%2Fproduct_cat&post=10247"},{"taxonomy":"product_tag","embeddable":true,"href":"https:\/\/www.startledermoden.at\/index.php?rest_route=%2Fwp%2Fv2%2Fproduct_tag&post=10247"}],"curies":[{"name":"wp","href":"https:\/\/api.w.org\/{rel}","templated":true}]}}