{"id":48,"date":"2020-03-30T08:35:42","date_gmt":"2020-03-30T06:35:42","guid":{"rendered":""},"modified":"2024-09-30T16:11:35","modified_gmt":"2024-09-30T14:11:35","slug":"versandarten","status":"publish","type":"page","link":"https:\/\/www.startledermoden.at\/?page_id=48","title":{"rendered":"Versandarten"},"content":{"rendered":"<p><strong>AUFTRAGSERTEILUNG und BESTELLUNG<\/strong><br>Mit einer Auftragserteilung und \/ oder Bestellung erkennt der K\u00e4ufer unsere Lieferungs- und Zahlungsbedingungen an.<\/p><p><strong>PREISE<br><\/strong>Alle Preise verstehen sich in EURO inklusive der jeweiligen gesetzlichen Mehrwertsteuer.<br>Irrt\u00fcmer und kurzfristige Preis\u00e4nderungen sind vorbehalten. Es gelten die Preise zum Zeitpunkt der Bestellung. Die M\u00f6glichkeit eines Skontoabzugs besteht nicht.<\/p><p><strong>PRODUKT FARBE<br><\/strong>Jedoch wegen der Unterschiede bez\u00fcglich der Bildschirme k\u00f6nnen wir nicht garantieren, dass die Farbe, die Sie auf Ihren Bildschirm sehen, genau die zutreffende Farbe des Produktes reflektiert.<br><br><strong>LIEFERZEITEN<br><\/strong>Die Lieferung erfolgt direkt per Post. Bestellungen und Lieferungen sind grunds\u00e4tzlich nur aus bzw. nach \u00d6sterreich und in die EU m\u00f6glich. Alle Artikel sind nur lieferbar solange der Vorrat reicht. Die Lieferzeiten betragen in der Regel bis zu 14 Tage f\u00fcr \u00d6sterreich bzw. bis zu 21 Tage f\u00fcr die EU, k\u00f6nnen aber nicht garantiert werden.<br><br><strong>VERSANDKOSTEN<\/strong><br>Ihr Versandkostenanteil betr\u00e4gt zur Zeit pro Bestellung nur pauschal 10,00 \u20ac \u00d6sterreichweit, 20,00 \u20ac Eu-weit<br>Nach M\u00f6glichkeit wird alles in einer Sendung geliefert. Falls nicht, tr\u00e4gt die Erisener &amp; Co.GesmbH (Start Ledermoden) die Mehrkosten.<br>Sollte ein Artikel aus Ihrer Bestellung nicht sofort lieferbar sein, kann sich die Lieferung um wenige Tage verz\u00f6gern, damit Ihre gesamte Bestellung komplett bei Ihnen eintrifft. Die Erisener &amp; Co.GesmbH liefert Ihre Bestellung an Ihre Kontoanschrift. Die Rechnung geht an Ihre Kontoanschrift. Die Versandkosten k\u00f6nnen sich \u00e4ndern.<br><br><strong>ZAHLUNGSWEISE<\/strong><br>Bei der ERISENER &amp; CO.GesmbH k\u00f6nnen Sie zwischen 2 Zahlungsarten w\u00e4hlen:<br><strong>1\u00a0<\/strong>. Zahlung mittels Vorauskasse<br><strong>2\u00a0<\/strong>. Zahlung per PayPal (Visa, Mastercard). Bitte markieren Sie die von Ihnen gew\u00fcnschte Zahlungsweise einfach auf dem Bestellschein.<br><br><strong>EIGENTUMSVORBEHALT<br><\/strong>Bis zur vollst\u00e4ndigen Bezahlung bleibt die Ware Eigentum der Erisener &amp; Co.GesmbH mit dem Sitz in A-1060 Wien, Mariahilferstr. 45 \/II\/22-24 \u00d6STERREICH.<br><br><strong>ABLEHNUNG von BESTELLUNGEN<br><\/strong>Der Erisener &amp; Co.GesmbH steht es frei, Bestellungen abzulehnen. Die Entscheidung dar\u00fcber liegt im freien Ermessen der Erisener &amp; Co.GesmbH. Wird von der Erisener &amp; Co.GesmbH eine Bestellung nicht angenommen und abgewickelt, wird der(die) Besteller\/in) davon in Kenntnis gesetzt.<br><br><strong>R\u00dcCKGABERECHT<br><\/strong>Der(die) Besteller(in) hat ein 14-t\u00e4giges R\u00fcckgaberecht ohne Angabe von Gr\u00fcnden. Dieses ist in Textform (E-Mail) oder durch die fristgerechte R\u00fccksendung der Ware an uns (ungetragen, in einwandfreiem Zustand und in der Originalverpackung samt beigelegter Rechnung, per Einschreiben) wahrzunehmen. Die Frist beginnt fr\u00fchestens mit dem Erhalt der Ware.<br>Die R\u00fccksendung hat zu erfolgen an: Erisener &amp; Co.GesmbH (Start Ledermoden) A-1060 Wien, Mariahilferstr.45\/II\/22-24 \u00d6STERREICH.<br>Bei einer R\u00fccksendung aus einer Warenlieferung hat der(die) Besteller(in) die Kosten der R\u00fccksendung zu tragen.\u00a0Die Postgeb\u00fchren und Transportkosten werden von der Firma &#8218;Erisener &amp; Co. GesmbH-Start Ledermoden nicht zur\u00fcckerstattet.\u00a0Der(die) Besteller(in) mu\u00df zus\u00e4tzlich angeben, ob er(sie) das Geld zur\u00fcck haben m\u00f6chte oder den Umtausch auf ein anderes Produkt aus dieser Homepage w\u00fcnscht. Falls ein Umtausch gew\u00fcnscht wird, ist auch das gew\u00fcnschte Produkt anzugeben. In diesem Fall sind genaue Angaben \u00fcber Artikelnummer, Gr\u00f6\u00dfe, u.s.w zu machen.<br><br><strong>ERF\u00dcLLUNGSORT<br><\/strong>Als Gerichtstand und Erf\u00fcllungsort gilt Wien. Das Vertragverh\u00e4ltnis unterliegt dem \u00d6sterreichischen Recht.<\/p>","protected":false},"excerpt":{"rendered":"<p>AUFTRAGSERTEILUNG und BESTELLUNGMit einer Auftragserteilung und \/ oder Bestellung erkennt der K\u00e4ufer unsere Lieferungs- und Zahlungsbedingungen an. PREISEAlle Preise verstehen sich in EURO inklusive der jeweiligen gesetzlichen Mehrwertsteuer.Irrt\u00fcmer und kurzfristige Preis\u00e4nderungen sind vorbehalten. Es gelten die Preise zum Zeitpunkt der Bestellung. Die M\u00f6glichkeit eines Skontoabzugs besteht nicht. PRODUKT FARBEJedoch wegen der Unterschiede bez\u00fcglich der Bildschirme [&hellip;]<\/p>\n","protected":false},"author":1,"featured_media":0,"parent":0,"menu_order":0,"comment_status":"closed","ping_status":"closed","template":"","meta":{"footnotes":""},"class_list":["post-48","page","type-page","status-publish","hentry","no-thumb"],"_links":{"self":[{"href":"https:\/\/www.startledermoden.at\/index.php?rest_route=\/wp\/v2\/pages\/48"}],"collection":[{"href":"https:\/\/www.startledermoden.at\/index.php?rest_route=\/wp\/v2\/pages"}],"about":[{"href":"https:\/\/www.startledermoden.at\/index.php?rest_route=\/wp\/v2\/types\/page"}],"author":[{"embeddable":true,"href":"https:\/\/www.startledermoden.at\/index.php?rest_route=\/wp\/v2\/users\/1"}],"replies":[{"embeddable":true,"href":"https:\/\/www.startledermoden.at\/index.php?rest_route=%2Fwp%2Fv2%2Fcomments&post=48"}],"version-history":[{"count":3,"href":"https:\/\/www.startledermoden.at\/index.php?rest_route=\/wp\/v2\/pages\/48\/revisions"}],"predecessor-version":[{"id":19800,"href":"https:\/\/www.startledermoden.at\/index.php?rest_route=\/wp\/v2\/pages\/48\/revisions\/19800"}],"wp:attachment":[{"href":"https:\/\/www.startledermoden.at\/index.php?rest_route=%2Fwp%2Fv2%2Fmedia&parent=48"}],"curies":[{"name":"wp","href":"https:\/\/api.w.org\/{rel}","templated":true}]}}