{"id":46,"date":"2020-03-30T08:35:42","date_gmt":"2020-03-30T06:35:42","guid":{"rendered":""},"modified":"2025-02-27T09:40:42","modified_gmt":"2025-02-27T08:40:42","slug":"agb","status":"publish","type":"page","link":"https:\/\/www.startledermoden.at\/?page_id=46","title":{"rendered":"AGB"},"content":{"rendered":"<p>1. ALLGEMEINES<\/p><p>2. BESTELLUNG<\/p><p>3. LIEFERUNG UND VERSANDKOSTEN<\/p><p>4. BEZAHLUNG<\/p><p>5. EIGENTUMSVORBEHALT<\/p><p>6. R\u00dcCKTRITTSRECHT<\/p><p>7. GEW\u00c4HRLEISTUNG<\/p><p>8. HAFTUNGSAUSSCHLUSS F\u00dcR FREMDE LINKS<\/p><p>9. ERF\u00dcLLUNGSORT<\/p><p>1. ALLGEMEINES<\/p><p>Start Ledermoden ist der Lederspezialist von Erisener &amp; Co.GesmbH.<\/p><p>Nachstehende Bedingungen gelten f\u00fcr alle Vertr\u00e4ge, Lieferungen und sonstige Leistungen im Start Ledermoden Onlineshop.. Abweichende Vorschriften gelangen nicht zur Anwendung. Wir widersprechen solchen hiermit ausdr\u00fccklich. Alle Nebenabreden bed\u00fcrfen der schriftlichen Best\u00e4tigung unsererseits.<\/p><p>Alle Rechte vorbehalten. Alle Texte, Bilder, Graphiken, Video- und Animationsdateien sowie ihre Darstellung unterliegen dem Urheberrecht und anderen Gesetzen zum Schutz geistigen Eigentums. Sie d\u00fcrfen weder f\u00fcr eigene Zwecke noch zur Weitergabe kopiert, ver\u00e4ndert und auf anderen Web-Sites verwendet werden.<\/p><p>2. BESTELLUNG<\/p><p>Die im Start Ledermoden Onlineshop angebotene Produktpalette ist eine Aufforderung an den Kunden, der Start Ledermoden( Erisener &amp; Co.GesmbH)&nbsp; gegen\u00fcber ein Angebot zum Kauf zu den im Start Ledermoden Onlineshop angegebenen Bedingungen abzugeben. Alle angegebenen Preise sind Euro-Betr\u00e4ge und verstehen sich inklusive der gesetzlichen Mehrwertsteuer. Die Darstellung der Produkte im Onlineshop stellt kein rechtlich bindendes Angebot, sondern einen unverbindlichen Online-Sortiment dar. Durch Anklicken des Buttons \u201eJetzt Kaufen\u201c geben Sie eine verbindliche Bestellung der im Warenkorb enthaltenen Waren ab. Die Best\u00e4tigung des Eingangs der Bestellung folgt unmittelbar nach dem Absenden der Bestellung. Wir k\u00f6nnen Ihre Bestellung durch Versand einer Bestellbest\u00e4tigung per E-Mail oder durch die Auslieferung der Ware innerhalb von 14 Tagen f\u00fcr \u00d6sterreich und 21 Tagen f\u00fcr L\u00e4ndern der EU annehmen. Diese Dauer k\u00f6nnen aber nicht garantiert werden. Start Ledermoden beh\u00e4lt sich insbesondere vor, das Angebot nicht anzunehmen, wenn ein Artikel nicht verf\u00fcgbar ist oder, wenn Ihre Kreditkartenpr\u00fcfung nicht erfolgreich abgeschlossen wird. Alle Artikel sind nur lieferbar solange der Vorrat reicht. Kann Start Ledermoden eine Bestellung nicht ausf\u00fchren, teilt Start Ledermoden Ihnen dies schnellstm\u00f6glich mit.&nbsp;<\/p><p>Ein Hinweis: die auf der Website dargestellten Waren wurden digital fotografiert. Es kann zu geringf\u00fcgigen Abweichungen zwischen der Darstellung der Ware und der Wirklichkeit kommen; solche Abweichungen stellen keinen Mangel der bestellten Ware dar.<\/p><p>Wir speichern Ihre Bestelldaten. Sofern Sie einen Ausdruck Ihrer Bestellung w\u00fcnschen, haben Sie die M\u00f6glichkeit, eine \u201eBestellbest\u00e4tigung\u201c auszudrucken. Diese erscheint auf Ihrem Bildschirm, nachdem Sie die Bestellung durch das Bet\u00e4tigen des \u201eBestellung abschlie\u00dfen\u201c-Buttons an uns abgeschickt haben und Ihre Kreditkartendaten erfolgreich gepr\u00fcft wurden. Zudem erhalten Sie die Bestellbest\u00e4tigung mit allen angegebenen Daten per E-Mail, die ebenfalls ausgedruckt werden kann.<\/p><p>3. LIEFERUNG UND VERSANDKOSTEN<\/p><p>Der Standard-Versand innerhalb \u00d6sterreichs kostet 10,00\u20ac und innerhalb L\u00e4ndern der EU (Belgien, Finnland, Frankreich, Deutschland, Irland, Italien, Luxemburg, Malta, Niederlande, Portugal, Slowakei, Slowenien, Spanien ) 20,00\u20ac<\/p><p>Die Lieferung erfolgt mit der \u00d6sterreichischen Post AG.&nbsp;<\/p><p>Nach M\u00f6glichkeit wird alles in einer Sendung geliefert. Falls nicht, tr\u00e4gt die Erisener &amp; Co.GesmbH (Start Ledermoden) die Mehrkosten.<\/p><p>Sollte ein Artikel aus Ihrer Bestellung nicht sofort lieferbar sein, kann sich die Lieferung um wenige Tage verz\u00f6gern, damit Ihre gesamte Bestellung komplett bei Ihnen eintrifft. Die Erisener &amp; Co.GesmbH liefert Ihre Bestellung an Ihre Kontoanschrift. Die Rechnung geht an Ihre Kontoanschrift. Die Versandkosten k\u00f6nnen sich \u00e4ndern.<\/p><p>Sollten gelieferte Artikel offensichtliche Material- oder Herstellungsfehler aufweisen, so reklamieren Sie bitte solche Fehler sofort gegen\u00fcber uns. Die Vers\u00e4umung dieser R\u00fcge hat allerdings f\u00fcr Ihre gesetzlichen Anspr\u00fcche keine Konsequenzen. Bei Transportsch\u00e4den muss eine Meldung innerhalb von 7 Tagen beim Versandpartner erfolgen, damit Schadenersatz besteht.<\/p><p>4. BEZAHLUNG<\/p><p>Direkte Soforteinzug Sofortzahlung \u00fcber ihre Bank<\/p><p>Vor\u00fcberweisung<\/p><p>PayPal&nbsp;<\/p><p>Was ist PayPal?<\/p><p>PayPal bietet die M\u00f6glichkeit Wahlweise mit Kreditkarte, Bankeinzug oder \u00dcberweisung mit einem zus\u00e4tzlichen K\u00e4uferschutz.<\/p><p>Gutscheine sind in Vorbereitung.<\/p><p>PayPal akzeptiert folgende Kreditkarten:<\/p><p>Wir verf\u00fcgen \u00fcber eine SSL-Verbindung (Secure Socket Layer), \u00fcber welche die Bezahlung abgewickelt wird. Nach erfolgter Reservierung des Rechnungsbetrags auf Ihrem Kreditkartenkonto, bearbeiten wir Ihre Bestellung innerhalb der Lieferfrist.<\/p><p>5. EIGENTUMSVORBEHALT<\/p><p>Bis zur vollst\u00e4ndigen Bezahlung bleibt die Ware Eigentum der Erisener &amp; Co.GesmbH mit dem Sitz in A-1060 Wien, Mariahilferstr. 45 \/II\/22-24 \u00d6STERREICH.<\/p><p>6. R\u00dcCKTRITTSRECHT<\/p><p>Uns liegt die Zufriedenheit unserer Kunden sehr am Herzen. Aus diesem Grund erm\u00f6glichen wir bei Online-Bestellungen eine R\u00fcckgabe der Produkte innerhalb einer Frist von 14 Tagen gegen Vorlage der Rechnung oder des Kassenbelegs.\u00a0<\/p><p>Dieses ist in Textform (E-Mail) oder durch die fristgerechte R\u00fccksendung der Ware an uns (ungetragen, in einwandfreiem Zustand und in der Originalverpackung), per Einschreiben wahrzunehmen. Die Frist beginnt fr\u00fchestens mit dem Erhalt der Ware.<\/p><p>Voraussetzung hierf\u00fcr ist der ungenutzte, sowie wiederverkaufsf\u00e4hige Zustand der Ware. Sollte dieser nicht erbracht werden, behalten wir uns vor, die R\u00fcckerstattung des Kaufpreises ggf. einzubehalten.&nbsp;<\/p><p>Im Falle der Erkl\u00e4rung des R\u00fccktritts ist die Ware an folgende Adresse zur\u00fcck zu senden:<\/p><p>Start Ledermoden<\/p><p>Erisener &amp; Co.GmbH<\/p><p>Mariahilferstrasse 45\/II\/22-24 &nbsp;<\/p><p>1060 Wien<\/p><p>\u00d6sterreich<\/p><p>Die Postgeb\u00fchren und Transportkosten werden von der Firma \u201aErisener &amp; Co. GesmbH-Start Ledermoden \u2018 nicht zur\u00fcckerstattet.&nbsp;Der(die) Besteller(in) mu\u00df zus\u00e4tzlich angeben, ob er(sie) das Geld zur\u00fcck haben m\u00f6chte oder den Umtausch auf ein anderes Produkt aus dieser Homepage w\u00fcnscht. Falls ein Umtausch gew\u00fcnscht wird, ist auch das gew\u00fcnschte Produkt anzugeben. In diesem Fall sind genaue Angaben \u00fcber Artikelnummer, Gr\u00f6\u00dfe, u.s.w zu machen.<\/p><p>Verpflichtungen unsererseits zur Erstattung von Zahlungen m\u00fcssen innerhalb von 30 Tagen ab Erhalt der R\u00fccksendung erf\u00fcllt werden.<\/p><p>Bitte beachten Sie: eine R\u00fccksendung oder R\u00fcckgabe ist nur mit Rechnung m\u00f6glich.&nbsp;<\/p><p><\/p><p>7. GEW\u00c4HRLEISTUNG<\/p><p>Es gelten die gesetzlichen Gew\u00e4hrleistungsregulungen.<\/p><p>Alle Informationen stellt die Erisener &amp; Co.GesmbH ohne jegliche Zusicherung oder Gew\u00e4hrleistung jeglicher Art, sei es ausdr\u00fccklich oder stillschweigend, zur Verf\u00fcgung. Ausgeschlossen sind auch alle stillschweigenden Gew\u00e4hrleistungen betreffend die Handelsf\u00e4higkeit, die Eignung f\u00fcr bestimmte Zwecke oder den Nichtversto\u00df gegen Gesetze und Patente. Auch wenn wir davon ausgehen, da\u00df alle von uns gegebenen Informationen korrekt sind, k\u00f6nnen sie dennoch Fehler oder Ungenauigkeiten beinhalten.<\/p><p>Schreib- und Satzfehler vorbehalten.<\/p><p>8. HAFTUNGSAUSSCHLUSS F\u00dcR FREMDE LINKS<\/p><p>Soweit auf den Seiten der Start Ledermoden Website Links zu anderen Seiten im Internet enthalten sind, erkl\u00e4rt Start Ledermoden ausdr\u00fccklich, keinerlei Einfluss auf die Gestaltung und die Inhalte der verlinkten Seiten zu haben. Deshalb distanziert sich Start Ledermoden hiermit ausdr\u00fccklich von allen Inhalten verlinkter Seiten von Dritten. Diese Erkl\u00e4rung gilt f\u00fcr alle angezeigten Links und f\u00fcr alle Inhalte der Seiten, zu denen Links f\u00fchren.<\/p><p>9. ERF\u00dcLLUNGSORT<\/p><p>Als Gerichtstand und Erf\u00fcllungsort gilt Wien. Das Vertragverh\u00e4ltnis unterliegt dem \u00d6sterreichischen Recht.<\/p>","protected":false},"excerpt":{"rendered":"<p>1. ALLGEMEINES 2. BESTELLUNG 3. LIEFERUNG UND VERSANDKOSTEN 4. BEZAHLUNG 5. EIGENTUMSVORBEHALT 6. R\u00dcCKTRITTSRECHT 7. GEW\u00c4HRLEISTUNG 8. HAFTUNGSAUSSCHLUSS F\u00dcR FREMDE LINKS 9. ERF\u00dcLLUNGSORT 1. ALLGEMEINES Start Ledermoden ist der Lederspezialist von Erisener &amp; Co.GesmbH. Nachstehende Bedingungen gelten f\u00fcr alle Vertr\u00e4ge, Lieferungen und sonstige Leistungen im Start Ledermoden Onlineshop.. Abweichende Vorschriften gelangen nicht zur Anwendung. Wir [&hellip;]<\/p>\n","protected":false},"author":1,"featured_media":0,"parent":0,"menu_order":0,"comment_status":"closed","ping_status":"closed","template":"","meta":{"footnotes":""},"class_list":["post-46","page","type-page","status-publish","hentry","no-thumb"],"_links":{"self":[{"href":"https:\/\/www.startledermoden.at\/index.php?rest_route=\/wp\/v2\/pages\/46"}],"collection":[{"href":"https:\/\/www.startledermoden.at\/index.php?rest_route=\/wp\/v2\/pages"}],"about":[{"href":"https:\/\/www.startledermoden.at\/index.php?rest_route=\/wp\/v2\/types\/page"}],"author":[{"embeddable":true,"href":"https:\/\/www.startledermoden.at\/index.php?rest_route=\/wp\/v2\/users\/1"}],"replies":[{"embeddable":true,"href":"https:\/\/www.startledermoden.at\/index.php?rest_route=%2Fwp%2Fv2%2Fcomments&post=46"}],"version-history":[{"count":6,"href":"https:\/\/www.startledermoden.at\/index.php?rest_route=\/wp\/v2\/pages\/46\/revisions"}],"predecessor-version":[{"id":19832,"href":"https:\/\/www.startledermoden.at\/index.php?rest_route=\/wp\/v2\/pages\/46\/revisions\/19832"}],"wp:attachment":[{"href":"https:\/\/www.startledermoden.at\/index.php?rest_route=%2Fwp%2Fv2%2Fmedia&parent=46"}],"curies":[{"name":"wp","href":"https:\/\/api.w.org\/{rel}","templated":true}]}}